{"id":4513,"date":"2025-05-13T02:18:35","date_gmt":"2025-05-13T00:18:35","guid":{"rendered":"https:\/\/cdrterra.de\/?page_id=4513"},"modified":"2026-03-04T16:03:54","modified_gmt":"2026-03-04T15:03:54","slug":"at-school","status":"publish","type":"page","link":"https:\/\/cdrterra.de\/en\/at-school\/","title":{"rendered":"At School"},"content":{"rendered":" <div class=\"block block--header block--header-complex  margin-bottom\" id=\"block_868f4899967157d123bc2c39816ad6b7\" data-id=\"\">\n\n\n \t<div class=\"relative\">\n\t\t<div class=\"object-fit-con js-fade-in js-fade\">\n\n\t\t\t\n\t\t \t\t<picture>\n\t\t            <source \n\t\t                media=\"(min-width: 641px)\" \n\t\t                srcset=\"https:\/\/cdrterra.de\/wp-content\/uploads\/2024\/11\/homo-studio-iCyEPaLdPAs-unsplash-2400x1500.jpg 2400w,\n\t\t                \t\thttps:\/\/cdrterra.de\/wp-content\/uploads\/2024\/11\/homo-studio-iCyEPaLdPAs-unsplash-1920x1200.jpg 1920w,\n\t\t                        https:\/\/cdrterra.de\/wp-content\/uploads\/2024\/11\/homo-studio-iCyEPaLdPAs-unsplash-1600x1000.jpg 1600w,\n\t\t                        https:\/\/cdrterra.de\/wp-content\/uploads\/2024\/11\/homo-studio-iCyEPaLdPAs-unsplash-1400x875.jpg 1400w,\n\t\t                        https:\/\/cdrterra.de\/wp-content\/uploads\/2024\/11\/homo-studio-iCyEPaLdPAs-unsplash-1200x750.jpg 1200w,\n\t\t                        https:\/\/cdrterra.de\/wp-content\/uploads\/2024\/11\/homo-studio-iCyEPaLdPAs-unsplash-1024x640.jpg 1024w,\n\t\t                        https:\/\/cdrterra.de\/wp-content\/uploads\/2024\/11\/homo-studio-iCyEPaLdPAs-unsplash-800x500.jpg 800w\"\n\t\t                sizes=\"100vw\">\n\t\t            <source \n\t\t                media=\"(max-width: 641px)\" \n\t\t                srcset=\"https:\/\/cdrterra.de\/wp-content\/uploads\/2024\/11\/homo-studio-iCyEPaLdPAs-unsplash-1200x750.jpg 1200w,\n\t\t                        https:\/\/cdrterra.de\/wp-content\/uploads\/2024\/11\/homo-studio-iCyEPaLdPAs-unsplash-1024x640.jpg 1024w,\n\t\t                        https:\/\/cdrterra.de\/wp-content\/uploads\/2024\/11\/homo-studio-iCyEPaLdPAs-unsplash-800x500.jpg 800w\"\n\t\t                sizes=\"100vw\">\n\n\t\t\t\t\t<img decoding=\"async\" src=\"https:\/\/cdrterra.de\/wp-content\/uploads\/2024\/11\/homo-studio-iCyEPaLdPAs-unsplash-1600x1000.jpg\" \n\t\t\t\t\t\theight=\"1600\" width=\"2560\" \n\t\t\t\t\t\talt=\"\">\n\t\t\t\t<\/picture>\n\n\t\t \t\n\t\t \t\n\t\t \t\t<div class=\"image-caption\">\n\t\t \t\t\t<p class=\"copyright-icon\">\u00a9<\/p>\n\t\t \t\t\t<div class=\"copyright-info\">\n\t\t \t\t\t\t<p class=\"caption-item\">\u00a9 Home Studio, unsplash<\/p>\n\t\t \t\t\t<\/div>\n\t\t \t\t<\/div>\n\n\t\t \t\n\t\t<\/div>\n\n\t\t<div class=\"inner relative js-fade js-fade-up js-2\">\n\t\t\t<div class=\"container container--small\">\n\t\t\t\t<h1>CDR in the classroom &#8211; school materials provided by CDRterra<\/h1>\n\t\t\t<\/div>\n\t\t<\/div>\n\n\t<\/div>\n\n\t<div class=\"bg--light padding-top\">\n\t\t<div class=\"container container--small\">\n\t\t\t<div class=\"relative\">\n\t\t\t\t<div class=\"flex flexgrid--gutter flex--wrap margin-bottom--small js-fade js-fade-stacked\">\n\t\t\t\t\t<div class=\"logo\">\n\t\t\t\t\t\t\t\t\t\t\t<\/div>\n\t\t\t\t\t<div class=\"flex__item one-half\">\n\t\t\t\t\t\t\t\t\t\t\t<\/div>\n\t\t\t\t\t<div class=\"flex__item three-tenths content-one-half sm-one-whole sm-margin-bottom\">\n\t\t\t\t\t\t\n\t\t\t\t\t\t\t\t\t\t\t<\/div>\n\t\t\t\t\t<div class=\"flex__item one-fifth content-one-half sm-one-whole sm-margin-bottom\">\n\n\t\t\t\t\t\t\n\t\t\t\t\t<\/div>\n\t\t\t\t\t\t\t\t\t<\/div>\n\t\t\t<\/div>\n\t\t<\/div>\n\t<\/div>\n\n<\/div>\n\n\n\n\n\n\n\n\n\n\n <div class=\"block block--text  margin-bottom\" id=\"block_86ef2825495d8e972ab9cecb458bf9f1\" data-id=\"\">\n\n\n\t<div class=\"container container--small js-fade js-fade-up\">\n\n\t\t<p>How does CO\u2082 removal work? What methods are there &#8211; and what are the opportunities, risks and conflicts of interest? With our teaching materials, we want to support teachers in dealing with these questions in an age-appropriate, scientifically sound and exciting way in the classroom.<\/p>\n<p>This is a constantly growing collection of brochures, worksheets and videos &#8211; for use in geography, politics, biology or project lessons. The materials are available for download free of charge and are constantly being added to.<\/p>\n\n\t<\/div>\n\n<\/div>\n\n<div class=\"container\">\n<h2 class=\"wp-block-heading\">Education Brochures<\/h2>\n<\/div>\n\n <div class=\"block block--pub bg--light block--accordion spacing--big  margin-bottom\" id=\"block_afa58fe41f41b3479cf5c4c93ed42d48\" data-id=\"\">\n\n\t<div class=\"container container--small\">\n\t\t\n\t\t<div class=\"accordion-con\">\n\n\t\t\t\t\t\t\t\n\n\t\t\t\t\t<div class=\"accordion margin-bottom js-fade js-fade-up\">\n\t                    <a class=\"accordion__top js-accordion\" href=\"#\">\n\t                    \t<div class=\"top\">\n\t                        \t<h3><span class=\"hyphens\">CDRterra-Bildungsbrosch\u00fcre<\/span> 1: CDR &#8211; weil Emissionsreduktion alleine nicht gen\u00fcgt, um die Klimaziele zu erreichen<\/h3>\n\t                        \t<i class=\"icon-down\"><\/i>\n\t                        <\/div>\n\t                        <div class=\"bottom flex\">\n\t                        \t<div class=\"pers-info\">\n\t                        \t\t<i class=\"icon-person\"><\/i>\n\t                        \t\tAuthors\t                        \t<\/div>\n\t                        \t<div class=\"bullet-span\">\n\t                        \t\t\t                        \t\t\t\t                        \t\t\t\t<span>Julia Pongratz<\/span>\n\t                        \t\t\t\t                        \t\t\t\t<span>Katrin Geneuss<\/span>\n\t                        \t\t\t\t                        \t\t\t\t<span>Imke Hoppe<\/span>\n\t                        \t\t\t\t                        \t\t\t\t<span>Michael Miller<\/span>\n\t                        \t\t\t\t                        \t\t\t                        \t<\/div>\n\t                        <\/div>\n\t                    <\/a>\n\t                    <div class=\"accordion__info flex\">\n\t                    \t<div class=\"accordion__date flex flex--middle flex--center\">\n\t                    \t\t<time>\n\t                    \t\t\t<i class=\"icon-cal\"><\/i>\n\t                    \t\t\t01. Feb 2024\t                    \t\t<\/time>\n\t                    \t<\/div>\n\t                    \t<div class=\"accordion__cat flex1 flex flex--middle flex--center \">\n\t                    \t\t\t<span>Education Brochure<\/span>\n\t                    \t<\/div>\n\t                    \t<div class=\"accordion__download\">\n\t                    \t\t\t                    \t\t\t<a href=\"https:\/\/cdrterra.de\/wp-content\/uploads\/2024\/07\/01192024_Final_A5_CDRterra_Lehre_Broschuere_hyper.pdf\" \n\t                    \t\t\t\ttarget=\"_blank\" download class=\"btn\">\n\t                    \t\t\t\tDownload\t                    \t\t\t<\/a>\n\t                    \t\t\t                    \t<\/div>\n\t                    <\/div>\n\t                    <div class=\"accordion__content hidden\">\n\t                    \t<div class=\"inner\">\n\t\t                    \t<p class=\"zeta\">\n\t\t                    \t\t<i class=\"icon-file\"><\/i>\n\t\t                        \tShort Description\t\t                    \t<\/p>\n\n\t\t                    \t\t\t                        \t<div class=\"flex flexgrid--narrow flex--wrap\">\n\t\t                        \t\t<div class=\"flex__item one-half sm-one-whole sm-margin-bottom\">\n\t\t                        \t\t\t<p>Die CDR-Bildungsbrosch\u00fcre bietet Lehrkr\u00e4ften einen ersten \u00dcberblick \u00fcber das dr\u00e4ngende Thema CO\u2082-Entnahme und macht Vorschl\u00e4ge, wie sie es im Unterricht aufgreifen k\u00f6nnen. Eine Informationsbrosch\u00fcre f\u00fcr Lehrpersonen der Sekundarstufe 2.<\/p>\n\t\t                        \t\t<\/div>\n\t\t                        \t\t<div class=\"flex__item one-half sm-one-whole\">\n\n\t\t                        \t\t\t<figure>\n\n\t\t\t\t\t\t\t\t\t\t\t\t<div class=\"relative\">\n\n\t\t\t\t\t\t\t\t\t\t\t\t\t\n\t\t\t\t\t\t\t\t\t\t\t\t\t\t<img decoding=\"async\" src=\"https:\/\/cdrterra.de\/wp-content\/uploads\/2024\/07\/Newsbild-Bildungsbroschuere-nue-800x450.jpg\"\n\t\t\t\t\t\t\t\t\t\t\t\t\t\t\tsrcset=\"https:\/\/cdrterra.de\/wp-content\/uploads\/2024\/07\/Newsbild-Bildungsbroschuere-nue-800x450.jpg 1024w,\n\t\t\t\t\t\t\t\t\t\t\t\t\t\t\t\t\thttps:\/\/cdrterra.de\/wp-content\/uploads\/2024\/07\/Newsbild-Bildungsbroschuere-nue-800x450.jpg 800w,\n\t\t\t\t\t\t\t\t\t\t\t\t\t\t\t\t\thttps:\/\/cdrterra.de\/wp-content\/uploads\/2024\/07\/Newsbild-Bildungsbroschuere-nue-680x382.jpg 680w,\n\t\t\t\t\t\t\t\t\t\t\t\t\t\t\t\t\thttps:\/\/cdrterra.de\/wp-content\/uploads\/2024\/07\/Newsbild-Bildungsbroschuere-nue-560x315.jpg 560w,\n\t\t\t\t\t\t\t\t\t\t\t\t\t\t\t\t\thttps:\/\/cdrterra.de\/wp-content\/uploads\/2024\/07\/Newsbild-Bildungsbroschuere-nue-420x236.jpg 420w\" \n\t\t\t\t\t\t\t\t\t\t\t\t\t\t\tsizes=\"auto, (min-width:1021px) 420px, (min-width:641px) and (max-width:1020px) 42vw, 95vw\" \n\t\t\t\t\t\t\t\t\t\t\t\t\t\t\t\t\t\t\t\t\t\t\t\t\t\t\t\t\t\t\twidth=\"1518\" height=\"853\"\n\t\t\t\t\t\t\t\t\t\t\t\t\t\t\t\t\t\t\t\t\t\t\t\t\t\t\t\t\t\tloading=\"lazy\" alt=\"CDR-Bildungsbrosch\u00fcre Quelle: Bj\u00f6rn Maier\">\n\n\t\t\t\t\t\t\t\t\t\t\t\t\t\n\t\t\t\t\t\t\t\t\t\t\t\t\t\n\t\t\t\t\t\t\t\t\t\t\t\t \t\t<div class=\"image-caption\">\n\t\t\t\t\t\t\t\t\t\t\t\t \t\t\t<p class=\"copyright-icon\">\u00a9<\/p>\n\t\t\t\t\t\t\t\t\t\t\t\t \t\t\t<div class=\"copyright-info\">\n\t\t\t\t\t\t\t\t\t\t\t\t \t\t\t\t<p class=\"caption-item\">\u00a9 Bj\u00f6rn Maier<\/p>\n\t\t\t\t\t\t\t\t\t\t\t\t \t\t\t<\/div>\n\t\t\t\t\t\t\t\t\t\t\t\t \t\t<\/div>\n\n\t\t\t\t\t\t\t\t\t\t\t\t \t\n\t\t\t\t\t\t\t\t\t\t\t\t<\/div>\n\n\t\t\t\t\t\t\t\t\t\t\t\t\t\t\t\t\t\t\t\t\t\t\t<\/figure>\n\n\t\t                        \t\t<\/div>\n\t\t                        \t<\/div>\n\t\t                    \t\n\t\t                        <div class=\"bottom flex\">\n\t\t                        \t<div class=\"pers-info\">\n\t\t                        \t\t<i class=\"icon-flag\"><\/i>\n\t\t                        \t\tKeywords\t\t                        \t<\/div>\n\t\t                        \t<div class=\"bullet-span\">\n\t\t                        \t\t\t\t                        \t\t\t\t\t                        \t\t\t\t<span>Education<\/span>\n\t\t                        \t\t\t\t\t                        \t\t\t\t<span>CDR<\/span>\n\t\t                        \t\t\t\t\t                        \t\t\t\t<span>Climate Education<\/span>\n\t\t                        \t\t\t\t\t                        \t\t\t\t<span>Education for sustainable development<\/span>\n\t\t                        \t\t\t\t\t                        \t\t\t\t                        \t<\/div>\n\t\t                        <\/div>\n\n\t\t                    <\/div>\n\t                    <\/div>\n\t                <\/div>\n\n\n\t\t\t\t\n\n\t\t\t\t\t<div class=\"accordion margin-bottom js-fade js-fade-up\">\n\t                    <a class=\"accordion__top js-accordion\" href=\"#\">\n\t                    \t<div class=\"top\">\n\t                        \t<h3><span class=\"hyphens\">CDR-Bildungsbrosch\u00fcre<\/span> 2: CO\u2082-Entnahme erforschen \u2013 Schulexperimente und Hintergrundwissen zu Carbon Dioxide Removal (CDR) an Land und im Meer<\/h3>\n\t                        \t<i class=\"icon-down\"><\/i>\n\t                        <\/div>\n\t                        <div class=\"bottom flex\">\n\t                        \t<div class=\"pers-info\">\n\t                        \t\t<i class=\"icon-person\"><\/i>\n\t                        \t\tAuthors\t                        \t<\/div>\n\t                        \t<div class=\"bullet-span\">\n\t                        \t\t\t                        \t\t\t\t                        \t\t\t\t<span>Sally Soria-Dengg<\/span>\n\t                        \t\t\t\t                        \t\t\t\t<span>Imke Hoppe<\/span>\n\t                        \t\t\t\t                        \t\t\t\t<span>Katrin Geneuss<\/span>\n\t                        \t\t\t\t                        \t\t\t\t<span>Julia Pongratz<\/span>\n\t                        \t\t\t\t                        \t\t\t                        \t<\/div>\n\t                        <\/div>\n\t                    <\/a>\n\t                    <div class=\"accordion__info flex\">\n\t                    \t<div class=\"accordion__date flex flex--middle flex--center\">\n\t                    \t\t<time>\n\t                    \t\t\t<i class=\"icon-cal\"><\/i>\n\t                    \t\t\t17. Feb 2026\t                    \t\t<\/time>\n\t                    \t<\/div>\n\t                    \t<div class=\"accordion__cat flex1 flex flex--middle flex--center \">\n\t                    \t\t\t<span>Education Brochure<\/span>\n\t                    \t<\/div>\n\t                    \t<div class=\"accordion__download\">\n\t                    \t\t\t                    \t\t\t<a href=\"https:\/\/cdrterra.de\/news\/neue-bildungsbroschuere-bringt-co%e2%82%82-entnahme-ins-klassenzimmer\/\" \n\t                    \t\t\t\ttarget=\"_blank\" class=\"btn\">\n\t                    \t\t\t\tDownload\t                    \t\t\t<\/a>\n\t                    \t\t\t                    \t<\/div>\n\t                    <\/div>\n\t                    <div class=\"accordion__content hidden\">\n\t                    \t<div class=\"inner\">\n\t\t                    \t<p class=\"zeta\">\n\t\t                    \t\t<i class=\"icon-file\"><\/i>\n\t\t                        \tShort Description\t\t                    \t<\/p>\n\n\t\t                    \t\t\t                        \t<div class=\"flex flexgrid--narrow flex--wrap\">\n\t\t                        \t\t<div class=\"flex__item one-half sm-one-whole sm-margin-bottom\">\n\t\t                        \t\t\t<p>Die zweite CDR-Bildungsbrosch\u00fcre erg\u00e4nzt den Einstieg um Experimente und vertiefende Inhalte zur CO\u2082-Entnahme an Land und im Meer und zeigt, wie sich das Thema praxisnah im Unterricht umsetzen l\u00e4sst. Eine Unterrichtsbrosch\u00fcre f\u00fcr Lehrpersonen der Sekundarstufe II.<\/p>\n\t\t                        \t\t<\/div>\n\t\t                        \t\t<div class=\"flex__item one-half sm-one-whole\">\n\n\t\t                        \t\t\t<figure>\n\n\t\t\t\t\t\t\t\t\t\t\t\t<div class=\"relative\">\n\n\t\t\t\t\t\t\t\t\t\t\t\t\t\n\t\t\t\t\t\t\t\t\t\t\t\t\t\t<img decoding=\"async\" src=\"https:\/\/cdrterra.de\/wp-content\/uploads\/2026\/02\/CDRterra_Newsbild_BildungsB_277x190_4_040226-800x549.jpg\"\n\t\t\t\t\t\t\t\t\t\t\t\t\t\t\tsrcset=\"https:\/\/cdrterra.de\/wp-content\/uploads\/2026\/02\/CDRterra_Newsbild_BildungsB_277x190_4_040226-800x549.jpg 1024w,\n\t\t\t\t\t\t\t\t\t\t\t\t\t\t\t\t\thttps:\/\/cdrterra.de\/wp-content\/uploads\/2026\/02\/CDRterra_Newsbild_BildungsB_277x190_4_040226-800x549.jpg 800w,\n\t\t\t\t\t\t\t\t\t\t\t\t\t\t\t\t\thttps:\/\/cdrterra.de\/wp-content\/uploads\/2026\/02\/CDRterra_Newsbild_BildungsB_277x190_4_040226-680x466.jpg 680w,\n\t\t\t\t\t\t\t\t\t\t\t\t\t\t\t\t\thttps:\/\/cdrterra.de\/wp-content\/uploads\/2026\/02\/CDRterra_Newsbild_BildungsB_277x190_4_040226-560x384.jpg 560w,\n\t\t\t\t\t\t\t\t\t\t\t\t\t\t\t\t\thttps:\/\/cdrterra.de\/wp-content\/uploads\/2026\/02\/CDRterra_Newsbild_BildungsB_277x190_4_040226-420x288.jpg 420w\" \n\t\t\t\t\t\t\t\t\t\t\t\t\t\t\tsizes=\"auto, (min-width:1021px) 420px, (min-width:641px) and (max-width:1020px) 42vw, 95vw\" \n\t\t\t\t\t\t\t\t\t\t\t\t\t\t\t\t\t\t\t\t\t\t\t\t\t\t\t\t\t\t\twidth=\"2560\" height=\"1756\"\n\t\t\t\t\t\t\t\t\t\t\t\t\t\t\t\t\t\t\t\t\t\t\t\t\t\t\t\t\t\tloading=\"lazy\" alt=\"CDRterra-Bildungsbrosch\u00fcre 2\">\n\n\t\t\t\t\t\t\t\t\t\t\t\t\t\n\t\t\t\t\t\t\t\t\t\t\t\t\t\n\t\t\t\t\t\t\t\t\t\t\t\t \t\t<div class=\"image-caption\">\n\t\t\t\t\t\t\t\t\t\t\t\t \t\t\t<p class=\"copyright-icon\">\u00a9<\/p>\n\t\t\t\t\t\t\t\t\t\t\t\t \t\t\t<div class=\"copyright-info\">\n\t\t\t\t\t\t\t\t\t\t\t\t \t\t\t\t<p class=\"caption-item\">\u00a9 Christine Meyer<\/p>\n\t\t\t\t\t\t\t\t\t\t\t\t \t\t\t<\/div>\n\t\t\t\t\t\t\t\t\t\t\t\t \t\t<\/div>\n\n\t\t\t\t\t\t\t\t\t\t\t\t \t\n\t\t\t\t\t\t\t\t\t\t\t\t<\/div>\n\n\t\t\t\t\t\t\t\t\t\t\t\t\t\t\t\t\t\t\t\t\t\t\t<\/figure>\n\n\t\t                        \t\t<\/div>\n\t\t                        \t<\/div>\n\t\t                    \t\n\t\t                        <div class=\"bottom flex\">\n\t\t                        \t<div class=\"pers-info\">\n\t\t                        \t\t<i class=\"icon-flag\"><\/i>\n\t\t                        \t\tKeywords\t\t                        \t<\/div>\n\t\t                        \t<div class=\"bullet-span\">\n\t\t                        \t\t\t\t                        \t\t\t\t\t                        \t\t\t\t<span>climate education<\/span>\n\t\t                        \t\t\t\t\t                        \t\t\t\t<span>BNE<\/span>\n\t\t                        \t\t\t\t\t                        \t\t\t\t<span>CDR<\/span>\n\t\t                        \t\t\t\t\t                        \t\t\t\t                        \t<\/div>\n\t\t                        <\/div>\n\n\t\t                    <\/div>\n\t                    <\/div>\n\t                <\/div>\n\n\n\t\t\t\t\t\t\t\t\t\n\n\t\t<\/div>\n\t<\/div>\n<\/div>","protected":false},"excerpt":{"rendered":"<p>Education Brochures<\/p>\n","protected":false},"author":6,"featured_media":0,"parent":0,"menu_order":0,"comment_status":"closed","ping_status":"closed","template":"","meta":{"_acf_changed":false,"footnotes":""},"class_list":["post-4513","page","type-page","status-publish","hentry"],"acf":[],"yoast_head":"<!-- This site is optimized with the Yoast SEO plugin v27.4 - https:\/\/yoast.com\/product\/yoast-seo-wordpress\/ -->\n<title>At School - CDRterra<\/title>\n<meta name=\"robots\" content=\"index, follow, max-snippet:-1, max-image-preview:large, max-video-preview:-1\" \/>\n<link rel=\"canonical\" href=\"https:\/\/cdrterra.de\/en\/at-school\/\" \/>\n<meta property=\"og:locale\" content=\"en_US\" \/>\n<meta property=\"og:type\" content=\"article\" \/>\n<meta property=\"og:title\" content=\"At School - CDRterra\" \/>\n<meta property=\"og:description\" content=\"Education Brochures\" \/>\n<meta property=\"og:url\" content=\"https:\/\/cdrterra.de\/en\/at-school\/\" \/>\n<meta property=\"og:site_name\" content=\"CDRterra\" \/>\n<meta property=\"article:modified_time\" content=\"2026-03-04T15:03:54+00:00\" \/>\n<meta name=\"twitter:card\" content=\"summary_large_image\" \/>\n<meta name=\"twitter:label1\" content=\"Est. reading time\" \/>\n\t<meta name=\"twitter:data1\" content=\"3 minutes\" \/>\n<script type=\"application\/ld+json\" class=\"yoast-schema-graph\">{\"@context\":\"https:\\\/\\\/schema.org\",\"@graph\":[{\"@type\":\"WebPage\",\"@id\":\"https:\\\/\\\/cdrterra.de\\\/en\\\/at-school\\\/\",\"url\":\"https:\\\/\\\/cdrterra.de\\\/en\\\/at-school\\\/\",\"name\":\"At School - CDRterra\",\"isPartOf\":{\"@id\":\"https:\\\/\\\/cdrterra.de\\\/#website\"},\"datePublished\":\"2025-05-13T00:18:35+00:00\",\"dateModified\":\"2026-03-04T15:03:54+00:00\",\"breadcrumb\":{\"@id\":\"https:\\\/\\\/cdrterra.de\\\/en\\\/at-school\\\/#breadcrumb\"},\"inLanguage\":\"en-US\",\"potentialAction\":[{\"@type\":\"ReadAction\",\"target\":[\"https:\\\/\\\/cdrterra.de\\\/en\\\/at-school\\\/\"]}]},{\"@type\":\"BreadcrumbList\",\"@id\":\"https:\\\/\\\/cdrterra.de\\\/en\\\/at-school\\\/#breadcrumb\",\"itemListElement\":[{\"@type\":\"ListItem\",\"position\":1,\"name\":\"Startseite\",\"item\":\"https:\\\/\\\/cdrterra.de\\\/en\\\/\"},{\"@type\":\"ListItem\",\"position\":2,\"name\":\"At School\"}]},{\"@type\":\"WebSite\",\"@id\":\"https:\\\/\\\/cdrterra.de\\\/#website\",\"url\":\"https:\\\/\\\/cdrterra.de\\\/\",\"name\":\"CDRterra\",\"description\":\"\",\"publisher\":{\"@id\":\"https:\\\/\\\/cdrterra.de\\\/#organization\"},\"potentialAction\":[{\"@type\":\"SearchAction\",\"target\":{\"@type\":\"EntryPoint\",\"urlTemplate\":\"https:\\\/\\\/cdrterra.de\\\/?s={search_term_string}\"},\"query-input\":{\"@type\":\"PropertyValueSpecification\",\"valueRequired\":true,\"valueName\":\"search_term_string\"}}],\"inLanguage\":\"en-US\"},{\"@type\":\"Organization\",\"@id\":\"https:\\\/\\\/cdrterra.de\\\/#organization\",\"name\":\"CDRterra\",\"url\":\"https:\\\/\\\/cdrterra.de\\\/\",\"logo\":{\"@type\":\"ImageObject\",\"inLanguage\":\"en-US\",\"@id\":\"https:\\\/\\\/cdrterra.de\\\/#\\\/schema\\\/logo\\\/image\\\/\",\"url\":\"https:\\\/\\\/cdrterra.de\\\/wp-content\\\/uploads\\\/2024\\\/07\\\/cdrterra.svg\",\"contentUrl\":\"https:\\\/\\\/cdrterra.de\\\/wp-content\\\/uploads\\\/2024\\\/07\\\/cdrterra.svg\",\"caption\":\"CDRterra\"},\"image\":{\"@id\":\"https:\\\/\\\/cdrterra.de\\\/#\\\/schema\\\/logo\\\/image\\\/\"}}]}<\/script>\n<!-- \/ Yoast SEO plugin. -->","yoast_head_json":{"title":"At School - CDRterra","robots":{"index":"index","follow":"follow","max-snippet":"max-snippet:-1","max-image-preview":"max-image-preview:large","max-video-preview":"max-video-preview:-1"},"canonical":"https:\/\/cdrterra.de\/en\/at-school\/","og_locale":"en_US","og_type":"article","og_title":"At School - CDRterra","og_description":"Education Brochures","og_url":"https:\/\/cdrterra.de\/en\/at-school\/","og_site_name":"CDRterra","article_modified_time":"2026-03-04T15:03:54+00:00","twitter_card":"summary_large_image","twitter_misc":{"Est. reading time":"3 minutes"},"schema":{"@context":"https:\/\/schema.org","@graph":[{"@type":"WebPage","@id":"https:\/\/cdrterra.de\/en\/at-school\/","url":"https:\/\/cdrterra.de\/en\/at-school\/","name":"At School - CDRterra","isPartOf":{"@id":"https:\/\/cdrterra.de\/#website"},"datePublished":"2025-05-13T00:18:35+00:00","dateModified":"2026-03-04T15:03:54+00:00","breadcrumb":{"@id":"https:\/\/cdrterra.de\/en\/at-school\/#breadcrumb"},"inLanguage":"en-US","potentialAction":[{"@type":"ReadAction","target":["https:\/\/cdrterra.de\/en\/at-school\/"]}]},{"@type":"BreadcrumbList","@id":"https:\/\/cdrterra.de\/en\/at-school\/#breadcrumb","itemListElement":[{"@type":"ListItem","position":1,"name":"Startseite","item":"https:\/\/cdrterra.de\/en\/"},{"@type":"ListItem","position":2,"name":"At School"}]},{"@type":"WebSite","@id":"https:\/\/cdrterra.de\/#website","url":"https:\/\/cdrterra.de\/","name":"CDRterra","description":"","publisher":{"@id":"https:\/\/cdrterra.de\/#organization"},"potentialAction":[{"@type":"SearchAction","target":{"@type":"EntryPoint","urlTemplate":"https:\/\/cdrterra.de\/?s={search_term_string}"},"query-input":{"@type":"PropertyValueSpecification","valueRequired":true,"valueName":"search_term_string"}}],"inLanguage":"en-US"},{"@type":"Organization","@id":"https:\/\/cdrterra.de\/#organization","name":"CDRterra","url":"https:\/\/cdrterra.de\/","logo":{"@type":"ImageObject","inLanguage":"en-US","@id":"https:\/\/cdrterra.de\/#\/schema\/logo\/image\/","url":"https:\/\/cdrterra.de\/wp-content\/uploads\/2024\/07\/cdrterra.svg","contentUrl":"https:\/\/cdrterra.de\/wp-content\/uploads\/2024\/07\/cdrterra.svg","caption":"CDRterra"},"image":{"@id":"https:\/\/cdrterra.de\/#\/schema\/logo\/image\/"}}]}},"_links":{"self":[{"href":"https:\/\/cdrterra.de\/en\/wp-json\/wp\/v2\/pages\/4513","targetHints":{"allow":["GET"]}}],"collection":[{"href":"https:\/\/cdrterra.de\/en\/wp-json\/wp\/v2\/pages"}],"about":[{"href":"https:\/\/cdrterra.de\/en\/wp-json\/wp\/v2\/types\/page"}],"author":[{"embeddable":true,"href":"https:\/\/cdrterra.de\/en\/wp-json\/wp\/v2\/users\/6"}],"replies":[{"embeddable":true,"href":"https:\/\/cdrterra.de\/en\/wp-json\/wp\/v2\/comments?post=4513"}],"version-history":[{"count":4,"href":"https:\/\/cdrterra.de\/en\/wp-json\/wp\/v2\/pages\/4513\/revisions"}],"predecessor-version":[{"id":7277,"href":"https:\/\/cdrterra.de\/en\/wp-json\/wp\/v2\/pages\/4513\/revisions\/7277"}],"wp:attachment":[{"href":"https:\/\/cdrterra.de\/en\/wp-json\/wp\/v2\/media?parent=4513"}],"curies":[{"name":"wp","href":"https:\/\/api.w.org\/{rel}","templated":true}]}}